{"id":5457,"date":"2022-12-15T09:13:12","date_gmt":"2022-12-15T09:13:12","guid":{"rendered":"https:\/\/ecovergy.com\/politica-de-cookies\/"},"modified":"2023-12-12T12:56:05","modified_gmt":"2023-12-12T12:56:05","slug":"politica-de-cookies","status":"publish","type":"page","link":"https:\/\/ecovergy.com\/ca\/politica-de-cookies\/","title":{"rendered":"Politica de cookies"},"content":{"rendered":"\t\t<div data-elementor-type=\"wp-page\" data-elementor-id=\"5457\" class=\"elementor elementor-5457 elementor-1711\">\n\t\t\t\t\t\t<section class=\"elementor-section elementor-top-section elementor-element elementor-element-5babc1c8 elementor-section-boxed elementor-section-height-default elementor-section-height-default\" data-id=\"5babc1c8\" data-element_type=\"section\">\n\t\t\t\t\t\t<div class=\"elementor-container elementor-column-gap-default\">\n\t\t\t\t\t<div class=\"elementor-column elementor-col-100 elementor-top-column elementor-element elementor-element-5063c123\" data-id=\"5063c123\" data-element_type=\"column\">\n\t\t\t<div class=\"elementor-widget-wrap elementor-element-populated\">\n\t\t\t\t\t\t<div class=\"elementor-element elementor-element-95d9bfa elementor-widget elementor-widget-webify-section-heading-widget\" data-id=\"95d9bfa\" data-element_type=\"widget\" data-widget_type=\"webify-section-heading-widget.default\">\n\t\t\t\t<div class=\"elementor-widget-container\">\n\t\t\t\t\t\n        <div class=\"tb-section-heading tb-style2\">\n                      <h1 class=\"tb-f36-lg tb-f30-sm tb-font-name tb-big-heading tb-mt-5 tb-mt-3-sm tb-m0\" class=\"tb-f36-lg tb-f30-sm tb-font-name tb-big-heading tb-mt-5 tb-mt-3-sm tb-m0\">Politica de cookies<\/h1>\n            <div class=\"empty-space marg-lg-b10\"><\/div>\n                            <\/div>\n        \t\t\t\t<\/div>\n\t\t\t\t<\/div>\n\t\t\t\t<div class=\"elementor-element elementor-element-5e1cdbba elementor-widget elementor-widget-text-editor\" data-id=\"5e1cdbba\" data-element_type=\"widget\" data-widget_type=\"text-editor.default\">\n\t\t\t\t<div class=\"elementor-widget-container\">\n\t\t\t\t\t\t\t\t\t<p>En\u00a0ECOVERGY\u00a0S L utilitzem les cookies o altres arxius de funcionalitat similar (d&#8217;ara endavant, \u201ccookies\u201d) per a prestar-li un millor servei i proporcionar-li una millor experi\u00e8ncia de navegaci\u00f3.\u00a0ECOVERGY\u00a0S L \u00e9s responsable de les cookies i del tractament de les dades obtingudes a trav\u00e9s d&#8217;aquestes, ja siguin pr\u00f2pies o de tercers, decidint sobre la finalitat, contingut i \u00fas del tractament de la informaci\u00f3 recaptada.<br \/><br \/>L&#8217;objectiu d&#8217;aquesta pol\u00edtica \u00e9s informar-lo de manera clara i detallada de qu\u00e8 \u00e9s una\u00a0cookie, quina \u00e9s la seva finalitat, quin tipus de cookies utilitzem i com configurar-les o si \u00e9s el cas deshabilitar-les.<br \/><br \/><strong><em>Qu\u00e8 s\u00f3n les cookies?<\/em><\/strong><br \/><br \/>Una\u00a0cookie\u00a0\u00e9s un petit arxiu de text que s&#8217;emmagatzema en el seu navegador quan visita la nostra p\u00e0gina web i que guarda informaci\u00f3 sobre la navegaci\u00f3 que realitza per a fer m\u00e9s eficient l&#8217;experi\u00e8ncia d&#8217;usuari. Algunes cookies resulten essencials per al bon funcionament de les p\u00e0gines web, com \u00e9s el cas de les cookies t\u00e8cniques o de personalitzaci\u00f3 de la interf\u00edcie d&#8217;usuari, encara que unes altres, com les cookies d&#8217;an\u00e0lisis o les de publicitat comportamental, requereixen que l&#8217;informem i recaptar el consentiment sobre el seu \u00fas.<br \/><br \/>A continuaci\u00f3, i amb l&#8217;objectiu que pugui prestar un consentiment plenament informat, li detallem la informaci\u00f3 d&#8217;en qu\u00e8 consisteix i quina \u00e9s la finalitat de cada tipus de\u00a0cookie:<br \/><br \/>Les<strong><em> cookies t\u00e8cniques<\/em><\/strong> s\u00f3n aquelles que permeten a l&#8217;usuari la navegaci\u00f3 a trav\u00e9s d&#8217;una p\u00e0gina web, plataforma o aplicaci\u00f3 i la utilitzaci\u00f3 de les diferents opcions o serveis que en ella existeixin, incloent-hi la gesti\u00f3 i operativa de la p\u00e0gina web i habilitar les seves funcions i serveis, com, per exemple, identificar la sessi\u00f3, accedir a parts d&#8217;acc\u00e9s restringit, recordar els elements que integren una comanda, realitzar el proc\u00e9s de compra d&#8217;una comanda, gestionar el pagament, \u2026 La p\u00e0gina web no pot funcionar adequadament sense aquestes cookies pel que es consideren necess\u00e0ries.<br \/><br \/>Les <em>cookies de prefer\u00e8ncies o personalitzaci\u00f3<\/em> permeten a la p\u00e0gina web recordar informaci\u00f3 que canvia la forma en qu\u00e8 la p\u00e0gina es comporta o l&#8217;aspecte que t\u00e9 de manera que l&#8217;usuari accedeixi al servei amb determinades caracter\u00edstiques que poden diferenciar la seva experi\u00e8ncia de la d&#8217;altres usuaris, com, per exemple, l&#8217;idioma, el nombre de resultats a mostrar quan l&#8217;usuari realitza una cerca o la regi\u00f3 en la qual l&#8217;usuari es troba. Si \u00e9s el propi usuari qui tria aquestes caracter\u00edstiques, per exemple, marcant la bandera de l&#8217;idioma, es considera un servei expressament sol\u00b7licitat sempre que les cookies obeeixin exclusivament a la finalitat seleccionada de personalitzaci\u00f3.<br \/><br \/>Les <em><strong>cookies d&#8217;an\u00e0lisis o mesurament<\/strong><\/em> s\u00f3n aquelles que permeten comprendre com interactuen els visitants amb les p\u00e0gines web i aix\u00ed realitzar l&#8217;an\u00e0lisi estad\u00edstica de l&#8217;\u00fas que fan els usuaris de la web dels serveis prestats. La informaci\u00f3 recollida s&#8217;utilitza en el mesurament de l&#8217;activitat dels llocs web o aplicaci\u00f3 amb la finalitat d&#8217;introduir millores en els productes i serveis oferts pel responsable.<br \/><br \/>Les <strong><em>cookies de m\u00e0rqueting o publicitat comportamental<\/em> <\/strong>emmagatzemen informaci\u00f3 del comportament dels usuaris obtinguda a trav\u00e9s de l&#8217;observaci\u00f3 continuada dels seus h\u00e0bits de navegaci\u00f3, la qual cosa permet desenvolupar un perfil espec\u00edfic per a mostrar anuncis rellevants i atractius per a l&#8217;usuari individual i, per tant, m\u00e9s valuosos per als tercers anunciants.<br \/><br \/>Per a qu\u00e8 utilitza les cookies aquesta p\u00e0gina web i quins s\u00f3n?<br \/><br \/>El detall de les cookies utilitzades en aquesta p\u00e0gina web \u00e9s el seg\u00fcent:<br \/><br \/>[cookie_*category]<br \/><br \/>Per a les cookies d&#8217;an\u00e0lisis i de publicitat necessitem el seu consentiment que podrem obtenir si prem en el bot\u00f3 \u201cAccepto\u201d en el missatge d&#8217;informaci\u00f3 que es mostra en accedir a la nostra p\u00e0gina web.<br \/><br \/>Si desactiva les cookies, podr\u00e0 continuar accedint a la web per\u00f2 pot ser que la navegaci\u00f3 per aquesta no sigui \u00f2ptima i algun dels serveis oferts no funcionin correctament.<br \/><br \/>Si en un futur\u00a0ECOVERGY\u00a0S L arrib\u00e9s a utilitzar tipus de cookies diferents a les contemplades en aquesta Pol\u00edtica de Cookies per a prestar nous serveis o fos necessari adaptar-la a noves exig\u00e8ncies legislatives, li ho notificarem.<br \/><br \/><em><strong>Com puc desactivar o eliminar les cookies?<\/strong><\/em><br \/><br \/>Tingui en compte que, si accepta les cookies de tercers, haur\u00e0 d&#8217;eliminar-les des de les opcions del navegador o des del sistema ofert pel propi tercer. Pot vost\u00e8 permetre, bloquejar o eliminar les cookies instal\u00b7lades en el seu equip mitjan\u00e7ant la configuraci\u00f3 de les opcions del navegador instal\u00b7lat en el seu ordinador.<br \/><br \/>Microsoft Internet Explorer: men\u00fa Eines &gt; Opcions d&#8217;Internet &gt; Privacitat &gt; Configuraci\u00f3.\u00a0<br \/>Firefox: men\u00fa Eines &gt; Opcions &gt; Privacitat &gt; Cookies.\u00a0<br \/>Chrome: men\u00fa Opcions &gt; Opcions avan\u00e7ades &gt; Privacitat.\u00a0<br \/>Safari: men\u00fa Prefer\u00e8ncies\/Privacitat.\u00a0<br \/>Safari per a\u00a0IOS\u00a0(iPhone i iPad): Opci\u00f3 Ajustos &gt; Safari\u00a0<br \/>Chrome per a Android: Configuraci\u00f3 &gt; Configuraci\u00f3 de llocs web &gt; Cookies\u00a0<br \/>Altres navegadors: consulti la documentaci\u00f3 del navegador que tingui instal\u00b7lat.\u00a0<br \/><br \/><strong><em>Transfer\u00e8ncies de dades a tercers pa\u00efsos<\/em><\/strong><br \/><br \/>Pots informar-te de les transfer\u00e8ncies a tercers pa\u00efsos que, si \u00e9s el cas, realitzen els tercers identificats en aquesta pol\u00edtica de cookies en els seus corresponents pol\u00edtiques (veure els enlla\u00e7os facilitats en l&#8217;apartat \u201cCookies de tercers\u201d).<br \/><br \/><em><strong>Elaboraci\u00f3 de perfils<\/strong><\/em><br \/><br \/>No s&#8217;elaborar\u00e0 cap mena de \u201cperfil\u201d sobre la base de la informaci\u00f3 facilitada ni es prendran decisions automatitzades sobre la base de perfils.\u00a0<br \/><br \/><em><strong>Per\u00edode de conservaci\u00f3 de les dades<\/strong><\/em><br \/><br \/>Les dades obtingudes a trav\u00e9s de les cookies es conservaran per un per\u00edode m\u00e0xim de 24 mesos, despr\u00e9s d&#8217;aquest per\u00edode tornarem a recaptar el seu consentiment.<br \/><br \/><em><strong>Drets dels interessats<\/strong><\/em><br \/><br \/>Vost\u00e8 podr\u00e0 obtenir m\u00e9s informaci\u00f3 sobre el tractament de dades de car\u00e0cter personal i de com exercir els seus drets consultat la nostra pol\u00edtica de privacitat.<\/p>\t\t\t\t\t\t\t\t<\/div>\n\t\t\t\t<\/div>\n\t\t\t\t\t<\/div>\n\t\t<\/div>\n\t\t\t\t\t<\/div>\n\t\t<\/section>\n\t\t\t\t<\/div>\n\t\t","protected":false},"excerpt":{"rendered":"<p>Politica de cookies En\u00a0ECOVERGY\u00a0S L utilitzem les cookies o altres arxius de funcionalitat similar (d&#8217;ara endavant, \u201ccookies\u201d) per a prestar-li un millor servei i proporcionar-li una millor experi\u00e8ncia de navegaci\u00f3.\u00a0ECOVERGY\u00a0S L \u00e9s responsable de les cookies i del tractament de les dades obtingudes a trav\u00e9s d&#8217;aquestes, ja siguin pr\u00f2pies o de tercers, decidint sobre la [&hellip;]<\/p>\n","protected":false},"author":1,"featured_media":0,"parent":0,"menu_order":0,"comment_status":"closed","ping_status":"closed","template":"","meta":{"footnotes":""},"class_list":["post-5457","page","type-page","status-publish","hentry"],"acf":[],"yoast_head":"<!-- This site is optimized with the Yoast SEO plugin v26.0 - https:\/\/yoast.com\/wordpress\/plugins\/seo\/ -->\n<title>Politica de cookies | Ecovergy<\/title>\n<meta name=\"robots\" content=\"index, follow, max-snippet:-1, max-image-preview:large, max-video-preview:-1\" \/>\n<link rel=\"canonical\" href=\"https:\/\/ecovergy.com\/ca\/politica-de-cookies\/\" \/>\n<meta property=\"og:locale\" content=\"ca_ES\" \/>\n<meta property=\"og:type\" content=\"article\" \/>\n<meta property=\"og:title\" content=\"Politica de cookies | Ecovergy\" \/>\n<meta property=\"og:description\" content=\"Politica de cookies En\u00a0ECOVERGY\u00a0S L utilitzem les cookies o altres arxius de funcionalitat similar (d&#8217;ara endavant, \u201ccookies\u201d) per a prestar-li un millor servei i proporcionar-li una millor experi\u00e8ncia de navegaci\u00f3.\u00a0ECOVERGY\u00a0S L \u00e9s responsable de les cookies i del tractament de les dades obtingudes a trav\u00e9s d&#8217;aquestes, ja siguin pr\u00f2pies o de tercers, decidint sobre la [&hellip;]\" \/>\n<meta property=\"og:url\" content=\"https:\/\/ecovergy.com\/ca\/politica-de-cookies\/\" \/>\n<meta property=\"og:site_name\" content=\"Ecovergy\" \/>\n<meta property=\"article:publisher\" content=\"https:\/\/www.facebook.com\/Ecovergy\" \/>\n<meta property=\"article:modified_time\" content=\"2023-12-12T12:56:05+00:00\" \/>\n<meta name=\"twitter:card\" content=\"summary_large_image\" \/>\n<meta name=\"twitter:label1\" content=\"Est. reading time\" \/>\n\t<meta name=\"twitter:data1\" content=\"5 minutes\" \/>\n<script type=\"application\/ld+json\" class=\"yoast-schema-graph\">{\"@context\":\"https:\/\/schema.org\",\"@graph\":[{\"@type\":\"WebPage\",\"@id\":\"https:\/\/ecovergy.com\/ca\/politica-de-cookies\/\",\"url\":\"https:\/\/ecovergy.com\/ca\/politica-de-cookies\/\",\"name\":\"Politica de cookies | Ecovergy\",\"isPartOf\":{\"@id\":\"https:\/\/ecovergy.com\/#website\"},\"datePublished\":\"2022-12-15T09:13:12+00:00\",\"dateModified\":\"2023-12-12T12:56:05+00:00\",\"breadcrumb\":{\"@id\":\"https:\/\/ecovergy.com\/ca\/politica-de-cookies\/#breadcrumb\"},\"inLanguage\":\"ca\",\"potentialAction\":[{\"@type\":\"ReadAction\",\"target\":[\"https:\/\/ecovergy.com\/ca\/politica-de-cookies\/\"]}]},{\"@type\":\"BreadcrumbList\",\"@id\":\"https:\/\/ecovergy.com\/ca\/politica-de-cookies\/#breadcrumb\",\"itemListElement\":[{\"@type\":\"ListItem\",\"position\":1,\"name\":\"Portada\",\"item\":\"https:\/\/ecovergy.com\/ca\/\"},{\"@type\":\"ListItem\",\"position\":2,\"name\":\"Politica de cookies\"}]},{\"@type\":\"WebSite\",\"@id\":\"https:\/\/ecovergy.com\/#website\",\"url\":\"https:\/\/ecovergy.com\/\",\"name\":\"Ecovergy\",\"description\":\"Autoconsumo fotovoltaico para empresas\",\"publisher\":{\"@id\":\"https:\/\/ecovergy.com\/#organization\"},\"potentialAction\":[{\"@type\":\"SearchAction\",\"target\":{\"@type\":\"EntryPoint\",\"urlTemplate\":\"https:\/\/ecovergy.com\/?s={search_term_string}\"},\"query-input\":{\"@type\":\"PropertyValueSpecification\",\"valueRequired\":true,\"valueName\":\"search_term_string\"}}],\"inLanguage\":\"ca\"},{\"@type\":\"Organization\",\"@id\":\"https:\/\/ecovergy.com\/#organization\",\"name\":\"Ecovergy\",\"url\":\"https:\/\/ecovergy.com\/\",\"logo\":{\"@type\":\"ImageObject\",\"inLanguage\":\"ca\",\"@id\":\"https:\/\/ecovergy.com\/#\/schema\/logo\/image\/\",\"url\":\"https:\/\/ecovergy.com\/wp-content\/uploads\/2022\/11\/logo-ecovergy-50.svg\",\"contentUrl\":\"https:\/\/ecovergy.com\/wp-content\/uploads\/2022\/11\/logo-ecovergy-50.svg\",\"width\":192,\"height\":25,\"caption\":\"Ecovergy\"},\"image\":{\"@id\":\"https:\/\/ecovergy.com\/#\/schema\/logo\/image\/\"},\"sameAs\":[\"https:\/\/www.facebook.com\/Ecovergy\",\"https:\/\/www.instagram.com\/ecovergy\/\",\"https:\/\/www.youtube.com\/channel\/UCpyiK24_lhtlkaJWJaZG2FQ\",\"https:\/\/www.linkedin.com\/company\/ecovergy\/\"]}]}<\/script>\n<!-- \/ Yoast SEO plugin. -->","yoast_head_json":{"title":"Politica de cookies | Ecovergy","robots":{"index":"index","follow":"follow","max-snippet":"max-snippet:-1","max-image-preview":"max-image-preview:large","max-video-preview":"max-video-preview:-1"},"canonical":"https:\/\/ecovergy.com\/ca\/politica-de-cookies\/","og_locale":"ca_ES","og_type":"article","og_title":"Politica de cookies | Ecovergy","og_description":"Politica de cookies En\u00a0ECOVERGY\u00a0S L utilitzem les cookies o altres arxius de funcionalitat similar (d&#8217;ara endavant, \u201ccookies\u201d) per a prestar-li un millor servei i proporcionar-li una millor experi\u00e8ncia de navegaci\u00f3.\u00a0ECOVERGY\u00a0S L \u00e9s responsable de les cookies i del tractament de les dades obtingudes a trav\u00e9s d&#8217;aquestes, ja siguin pr\u00f2pies o de tercers, decidint sobre la [&hellip;]","og_url":"https:\/\/ecovergy.com\/ca\/politica-de-cookies\/","og_site_name":"Ecovergy","article_publisher":"https:\/\/www.facebook.com\/Ecovergy","article_modified_time":"2023-12-12T12:56:05+00:00","twitter_card":"summary_large_image","twitter_misc":{"Est. reading time":"5 minutes"},"schema":{"@context":"https:\/\/schema.org","@graph":[{"@type":"WebPage","@id":"https:\/\/ecovergy.com\/ca\/politica-de-cookies\/","url":"https:\/\/ecovergy.com\/ca\/politica-de-cookies\/","name":"Politica de cookies | Ecovergy","isPartOf":{"@id":"https:\/\/ecovergy.com\/#website"},"datePublished":"2022-12-15T09:13:12+00:00","dateModified":"2023-12-12T12:56:05+00:00","breadcrumb":{"@id":"https:\/\/ecovergy.com\/ca\/politica-de-cookies\/#breadcrumb"},"inLanguage":"ca","potentialAction":[{"@type":"ReadAction","target":["https:\/\/ecovergy.com\/ca\/politica-de-cookies\/"]}]},{"@type":"BreadcrumbList","@id":"https:\/\/ecovergy.com\/ca\/politica-de-cookies\/#breadcrumb","itemListElement":[{"@type":"ListItem","position":1,"name":"Portada","item":"https:\/\/ecovergy.com\/ca\/"},{"@type":"ListItem","position":2,"name":"Politica de cookies"}]},{"@type":"WebSite","@id":"https:\/\/ecovergy.com\/#website","url":"https:\/\/ecovergy.com\/","name":"Ecovergy","description":"Autoconsumo fotovoltaico para empresas","publisher":{"@id":"https:\/\/ecovergy.com\/#organization"},"potentialAction":[{"@type":"SearchAction","target":{"@type":"EntryPoint","urlTemplate":"https:\/\/ecovergy.com\/?s={search_term_string}"},"query-input":{"@type":"PropertyValueSpecification","valueRequired":true,"valueName":"search_term_string"}}],"inLanguage":"ca"},{"@type":"Organization","@id":"https:\/\/ecovergy.com\/#organization","name":"Ecovergy","url":"https:\/\/ecovergy.com\/","logo":{"@type":"ImageObject","inLanguage":"ca","@id":"https:\/\/ecovergy.com\/#\/schema\/logo\/image\/","url":"https:\/\/ecovergy.com\/wp-content\/uploads\/2022\/11\/logo-ecovergy-50.svg","contentUrl":"https:\/\/ecovergy.com\/wp-content\/uploads\/2022\/11\/logo-ecovergy-50.svg","width":192,"height":25,"caption":"Ecovergy"},"image":{"@id":"https:\/\/ecovergy.com\/#\/schema\/logo\/image\/"},"sameAs":["https:\/\/www.facebook.com\/Ecovergy","https:\/\/www.instagram.com\/ecovergy\/","https:\/\/www.youtube.com\/channel\/UCpyiK24_lhtlkaJWJaZG2FQ","https:\/\/www.linkedin.com\/company\/ecovergy\/"]}]}},"_links":{"self":[{"href":"https:\/\/ecovergy.com\/ca\/wp-json\/wp\/v2\/pages\/5457","targetHints":{"allow":["GET"]}}],"collection":[{"href":"https:\/\/ecovergy.com\/ca\/wp-json\/wp\/v2\/pages"}],"about":[{"href":"https:\/\/ecovergy.com\/ca\/wp-json\/wp\/v2\/types\/page"}],"author":[{"embeddable":true,"href":"https:\/\/ecovergy.com\/ca\/wp-json\/wp\/v2\/users\/1"}],"replies":[{"embeddable":true,"href":"https:\/\/ecovergy.com\/ca\/wp-json\/wp\/v2\/comments?post=5457"}],"version-history":[{"count":4,"href":"https:\/\/ecovergy.com\/ca\/wp-json\/wp\/v2\/pages\/5457\/revisions"}],"predecessor-version":[{"id":5461,"href":"https:\/\/ecovergy.com\/ca\/wp-json\/wp\/v2\/pages\/5457\/revisions\/5461"}],"wp:attachment":[{"href":"https:\/\/ecovergy.com\/ca\/wp-json\/wp\/v2\/media?parent=5457"}],"curies":[{"name":"wp","href":"https:\/\/api.w.org\/{rel}","templated":true}]}}