{"id":5514,"date":"2022-12-15T10:01:41","date_gmt":"2022-12-15T10:01:41","guid":{"rendered":"https:\/\/ecovergy.com\/politica-de-privacidad\/"},"modified":"2023-12-13T08:33:33","modified_gmt":"2023-12-13T08:33:33","slug":"politica-de-privacidad","status":"publish","type":"page","link":"https:\/\/ecovergy.com\/ca\/politica-de-privacidad\/","title":{"rendered":"Politica de privacitat"},"content":{"rendered":"\t\t<div data-elementor-type=\"wp-page\" data-elementor-id=\"5514\" class=\"elementor elementor-5514 elementor-1737\">\n\t\t\t\t\t\t<section class=\"elementor-section elementor-top-section elementor-element elementor-element-b9e8ada elementor-section-boxed elementor-section-height-default elementor-section-height-default\" data-id=\"b9e8ada\" data-element_type=\"section\">\n\t\t\t\t\t\t<div class=\"elementor-container elementor-column-gap-default\">\n\t\t\t\t\t<div class=\"elementor-column elementor-col-100 elementor-top-column elementor-element elementor-element-bea1dc6\" data-id=\"bea1dc6\" data-element_type=\"column\">\n\t\t\t<div class=\"elementor-widget-wrap elementor-element-populated\">\n\t\t\t\t\t\t<div class=\"elementor-element elementor-element-ee722ba elementor-widget elementor-widget-webify-section-heading-widget\" data-id=\"ee722ba\" data-element_type=\"widget\" data-widget_type=\"webify-section-heading-widget.default\">\n\t\t\t\t<div class=\"elementor-widget-container\">\n\t\t\t\t\t\n        <div class=\"tb-section-heading tb-style2\">\n                      <h1 class=\"tb-f36-lg tb-f30-sm tb-font-name tb-big-heading tb-mt-5 tb-mt-3-sm tb-m0\" class=\"tb-f36-lg tb-f30-sm tb-font-name tb-big-heading tb-mt-5 tb-mt-3-sm tb-m0\">Pol\u00edtica de privacitat<\/h1>\n            <div class=\"empty-space marg-lg-b10\"><\/div>\n                            <\/div>\n        \t\t\t\t<\/div>\n\t\t\t\t<\/div>\n\t\t\t\t<div class=\"elementor-element elementor-element-316c52b elementor-widget elementor-widget-text-editor\" data-id=\"316c52b\" data-element_type=\"widget\" data-widget_type=\"text-editor.default\">\n\t\t\t\t<div class=\"elementor-widget-container\">\n\t\t\t\t\t\t\t\t\t<p>Se l&#8217;informa que les dades personals que ens faciliti volunt\u00e0riament, a trav\u00e9s dels diferents formularis de la web, seran tractats per ECOVERGY S L amb domicili en CARRER MATAR\u00d3, 2, 1\u00b0 &#8211; 5a 08403 GRANOLLERS (BARCELONA), que compleix amb les mesures de seguretat exigides en la legislaci\u00f3 vigent en mat\u00e8ria de Protecci\u00f3 de Dades de Car\u00e0cter Personal, Reglament 2016\/679 General de Protecci\u00f3 de Dades (RGPD) i la Llei org\u00e0nica 3\/2018 de 5 de desembre, de protecci\u00f3 de dades de car\u00e0cter personal i garantia dels drets digitals (LOPDGDD).<\/p><p>La finalitat d&#8217;aquest tractament \u00e9s la descrita en cadascun dels formularis establerts en la p\u00e0gina web en el qual Vost\u00e8 ens hagi facilitat les seves dades. Les dades facilitades no seran cedits a tercers excepte en els casos en qu\u00e8 existeixi una obligaci\u00f3 legal, i es conservaran durant el temps necessari per a atendre la seva sol\u00b7licitud, sempre que no ens indiqui el contrari exercint el seu dret de supressi\u00f3, o durant el temps necessari per a complir amb les obligacions legals i atendre les possibles responsabilitats que poguessin derivar del compliment de la finalitat per a la qual les dades van ser recaptades.<\/p><p>ECOVERGY S L no elaborar\u00e0 cap mena de \u201cperfil\u201d, sobre la base de la informaci\u00f3 facilitada. No es prendran decisions automatitzades sobre la base de perfils.<\/p><p>Aix\u00ed mateix, ECOVERGY S L cancel\u00b7lar\u00e0 o rectificar\u00e0 les dades quan resultin inexactes, incomplets o hagin deixat de ser necessaris per a la seva finalitat, de conformitat amb el que es preveu en la legislaci\u00f3 vigent en mat\u00e8ria de Protecci\u00f3 de Dades de Car\u00e0cter Personal.<\/p><p>Mentre no ens comuniqui el contrari, entendrem que les seves dades no han estat modificats, que vost\u00e8 es compromet a notificar-nos qualsevol variaci\u00f3 i que tenim el consentiment per a utilitzar-los a fi de poder fidelizar la relaci\u00f3 entre les parts.<\/p><p>L&#8217;usuari podr\u00e0 exercir els drets d&#8217;acc\u00e9s, rectificaci\u00f3, supressi\u00f3, oposici\u00f3, limitaci\u00f3 del tractament, portabilitat de dades i a no ser objecte de decisions individualitzades automatitzades, en relaci\u00f3 amb les dades objecte del tractament, davant el responsable del tractament en l&#8217;adre\u00e7a anteriorment esmentada, o per correu electr\u00f2nic a administracion@ecovergy.com, adjuntant c\u00f2pia del seu DNI o document equivalent. En cas que no hagi obtingut satisfacci\u00f3 en l&#8217;exercici dels seus drets, podr\u00e0 presentar una reclamaci\u00f3 davant l&#8217;Autoritat de Control en mat\u00e8ria Protecci\u00f3 de Dades competent, sent aquesta l&#8217;Ag\u00e8ncia Espanyola de Protecci\u00f3 de Dades, i les dades de contacte de les quals estan accessibles en https:\/\/sedeagpd.gob.es\/sede-electronica-web\/vistas\/formnuevareclamacion\/reclamacion.jsf.<\/p><p>ECOVERGY S L adopta les mesures t\u00e8cniques, controls i procediments de car\u00e0cter f\u00edsic, organitzatiu i tecnol\u00f2gic, raonablement fiables i efectius, orientats a preservar la integritat i la seguretat de les seves dades i garantir la seva privacitat. No obstant aix\u00f2, no assumeix cap responsabilitat pels danys i perjudicis derivats d&#8217;alteracions que tercers puguin causar en els sistemes inform\u00e0tics, documents electr\u00f2nics o fitxers de l&#8217;usuari.<\/p><p>A m\u00e9s, tot el personal amb acc\u00e9s a les dades personals ha estat format i t\u00e9 coneixement de les seves obligacions en relaci\u00f3 amb els tractaments de les seves dades personals.<\/p><p>En el cas dels contractes que subscrivim amb els nostres prove\u00efdors incloem cl\u00e0usules en les quals se&#8217;ls exigeix mantenir el deure de secret respecte a les dades de car\u00e0cter personal als quals hagin tingut acc\u00e9s en virtut de l&#8217;enc\u00e0rrec realitzat, aix\u00ed com implantar les mesures de seguretat t\u00e8cniques i organitzatives necess\u00e0ries per a garantir la confidencialitat, integritat, disponibilitat i resili\u00e8ncia permanents dels sistemes i serveis de tractament de les dades personals.<\/p><p>Totes aquestes mesures de seguretat s\u00f3n revisades de manera peri\u00f2dica per a garantir la seva adequaci\u00f3 i efectivitat.<\/p><p>No obstant aix\u00f2, la seguretat absoluta no es pot garantir i no existeix cap sistema de seguretat que sigui impenetrable pel que, en el cas de qualsevol informaci\u00f3 objecte de tractament i sota el nostre control es vei\u00e9s compromesa a conseq\u00fc\u00e8ncia d&#8217;una bretxa de seguretat, prendrem les mesures adequades per a investigar l&#8217;incident, notificar-lo a l&#8217;Autoritat de Control i, si \u00e9s el cas, a aquells usuaris que s&#8217;haguessin pogut veure afectats perqu\u00e8 prenguin les mesures adequades.<\/p><p>D&#8217;acord amb el que estableix la Llei 34\/2002, de Serveis de la Societat de la Informaci\u00f3 i el Comer\u00e7 Electr\u00f2nic en el seu article 21, sol\u00b7licitarem el seu consentiment per a poder realitzar comunicacions publicit\u00e0ries que considerem puguin ser del seu inter\u00e8s, per correu electr\u00f2nic o per qualsevol altre mitj\u00e0 de comunicaci\u00f3 electr\u00f2nica equivalent.<\/p><p>Vost\u00e8 t\u00e9 dret a oposar-se i\/o retirar el\/els consentiment\/s al tractament de les dades indicades anteriorment, si \u00e9s el cas, i en qualsevol moment, sense que aix\u00f2 afecti la licitud del tractament basat en el consentiment previ a la seva retirada, mitjan\u00e7ant notificaci\u00f3 al responsable del tractament en la\/s direcci\u00f3\/\u00e9s indicada\/s.<\/p>\t\t\t\t\t\t\t\t<\/div>\n\t\t\t\t<\/div>\n\t\t\t\t\t<\/div>\n\t\t<\/div>\n\t\t\t\t\t<\/div>\n\t\t<\/section>\n\t\t\t\t<\/div>\n\t\t","protected":false},"excerpt":{"rendered":"<p>Pol\u00edtica de privacitat Se l&#8217;informa que les dades personals que ens faciliti volunt\u00e0riament, a trav\u00e9s dels diferents formularis de la web, seran tractats per ECOVERGY S L amb domicili en CARRER MATAR\u00d3, 2, 1\u00b0 &#8211; 5a 08403 GRANOLLERS (BARCELONA), que compleix amb les mesures de seguretat exigides en la legislaci\u00f3 vigent en mat\u00e8ria de Protecci\u00f3 [&hellip;]<\/p>\n","protected":false},"author":1,"featured_media":0,"parent":0,"menu_order":0,"comment_status":"closed","ping_status":"closed","template":"","meta":{"footnotes":""},"class_list":["post-5514","page","type-page","status-publish","hentry"],"acf":[],"yoast_head":"<!-- This site is optimized with the Yoast SEO plugin v26.0 - https:\/\/yoast.com\/wordpress\/plugins\/seo\/ -->\n<title>Politica de privacitat | Ecovergy<\/title>\n<meta name=\"robots\" content=\"index, follow, max-snippet:-1, max-image-preview:large, max-video-preview:-1\" \/>\n<link rel=\"canonical\" href=\"https:\/\/ecovergy.com\/ca\/politica-de-privacidad\/\" \/>\n<meta property=\"og:locale\" content=\"ca_ES\" \/>\n<meta property=\"og:type\" content=\"article\" \/>\n<meta property=\"og:title\" content=\"Politica de privacitat | Ecovergy\" \/>\n<meta property=\"og:description\" content=\"Pol\u00edtica de privacitat Se l&#8217;informa que les dades personals que ens faciliti volunt\u00e0riament, a trav\u00e9s dels diferents formularis de la web, seran tractats per ECOVERGY S L amb domicili en CARRER MATAR\u00d3, 2, 1\u00b0 &#8211; 5a 08403 GRANOLLERS (BARCELONA), que compleix amb les mesures de seguretat exigides en la legislaci\u00f3 vigent en mat\u00e8ria de Protecci\u00f3 [&hellip;]\" \/>\n<meta property=\"og:url\" content=\"https:\/\/ecovergy.com\/ca\/politica-de-privacidad\/\" \/>\n<meta property=\"og:site_name\" content=\"Ecovergy\" \/>\n<meta property=\"article:publisher\" content=\"https:\/\/www.facebook.com\/Ecovergy\" \/>\n<meta property=\"article:modified_time\" content=\"2023-12-13T08:33:33+00:00\" \/>\n<meta name=\"twitter:card\" content=\"summary_large_image\" \/>\n<meta name=\"twitter:label1\" content=\"Est. reading time\" \/>\n\t<meta name=\"twitter:data1\" content=\"5 minutes\" \/>\n<script type=\"application\/ld+json\" class=\"yoast-schema-graph\">{\"@context\":\"https:\/\/schema.org\",\"@graph\":[{\"@type\":\"WebPage\",\"@id\":\"https:\/\/ecovergy.com\/ca\/politica-de-privacidad\/\",\"url\":\"https:\/\/ecovergy.com\/ca\/politica-de-privacidad\/\",\"name\":\"Politica de privacitat | Ecovergy\",\"isPartOf\":{\"@id\":\"https:\/\/ecovergy.com\/#website\"},\"datePublished\":\"2022-12-15T10:01:41+00:00\",\"dateModified\":\"2023-12-13T08:33:33+00:00\",\"breadcrumb\":{\"@id\":\"https:\/\/ecovergy.com\/ca\/politica-de-privacidad\/#breadcrumb\"},\"inLanguage\":\"ca\",\"potentialAction\":[{\"@type\":\"ReadAction\",\"target\":[\"https:\/\/ecovergy.com\/ca\/politica-de-privacidad\/\"]}]},{\"@type\":\"BreadcrumbList\",\"@id\":\"https:\/\/ecovergy.com\/ca\/politica-de-privacidad\/#breadcrumb\",\"itemListElement\":[{\"@type\":\"ListItem\",\"position\":1,\"name\":\"Portada\",\"item\":\"https:\/\/ecovergy.com\/ca\/\"},{\"@type\":\"ListItem\",\"position\":2,\"name\":\"Politica de privacitat\"}]},{\"@type\":\"WebSite\",\"@id\":\"https:\/\/ecovergy.com\/#website\",\"url\":\"https:\/\/ecovergy.com\/\",\"name\":\"Ecovergy\",\"description\":\"Autoconsumo fotovoltaico para empresas\",\"publisher\":{\"@id\":\"https:\/\/ecovergy.com\/#organization\"},\"potentialAction\":[{\"@type\":\"SearchAction\",\"target\":{\"@type\":\"EntryPoint\",\"urlTemplate\":\"https:\/\/ecovergy.com\/?s={search_term_string}\"},\"query-input\":{\"@type\":\"PropertyValueSpecification\",\"valueRequired\":true,\"valueName\":\"search_term_string\"}}],\"inLanguage\":\"ca\"},{\"@type\":\"Organization\",\"@id\":\"https:\/\/ecovergy.com\/#organization\",\"name\":\"Ecovergy\",\"url\":\"https:\/\/ecovergy.com\/\",\"logo\":{\"@type\":\"ImageObject\",\"inLanguage\":\"ca\",\"@id\":\"https:\/\/ecovergy.com\/#\/schema\/logo\/image\/\",\"url\":\"https:\/\/ecovergy.com\/wp-content\/uploads\/2022\/11\/logo-ecovergy-50.svg\",\"contentUrl\":\"https:\/\/ecovergy.com\/wp-content\/uploads\/2022\/11\/logo-ecovergy-50.svg\",\"width\":192,\"height\":25,\"caption\":\"Ecovergy\"},\"image\":{\"@id\":\"https:\/\/ecovergy.com\/#\/schema\/logo\/image\/\"},\"sameAs\":[\"https:\/\/www.facebook.com\/Ecovergy\",\"https:\/\/www.instagram.com\/ecovergy\/\",\"https:\/\/www.youtube.com\/channel\/UCpyiK24_lhtlkaJWJaZG2FQ\",\"https:\/\/www.linkedin.com\/company\/ecovergy\/\"]}]}<\/script>\n<!-- \/ Yoast SEO plugin. -->","yoast_head_json":{"title":"Politica de privacitat | Ecovergy","robots":{"index":"index","follow":"follow","max-snippet":"max-snippet:-1","max-image-preview":"max-image-preview:large","max-video-preview":"max-video-preview:-1"},"canonical":"https:\/\/ecovergy.com\/ca\/politica-de-privacidad\/","og_locale":"ca_ES","og_type":"article","og_title":"Politica de privacitat | Ecovergy","og_description":"Pol\u00edtica de privacitat Se l&#8217;informa que les dades personals que ens faciliti volunt\u00e0riament, a trav\u00e9s dels diferents formularis de la web, seran tractats per ECOVERGY S L amb domicili en CARRER MATAR\u00d3, 2, 1\u00b0 &#8211; 5a 08403 GRANOLLERS (BARCELONA), que compleix amb les mesures de seguretat exigides en la legislaci\u00f3 vigent en mat\u00e8ria de Protecci\u00f3 [&hellip;]","og_url":"https:\/\/ecovergy.com\/ca\/politica-de-privacidad\/","og_site_name":"Ecovergy","article_publisher":"https:\/\/www.facebook.com\/Ecovergy","article_modified_time":"2023-12-13T08:33:33+00:00","twitter_card":"summary_large_image","twitter_misc":{"Est. reading time":"5 minutes"},"schema":{"@context":"https:\/\/schema.org","@graph":[{"@type":"WebPage","@id":"https:\/\/ecovergy.com\/ca\/politica-de-privacidad\/","url":"https:\/\/ecovergy.com\/ca\/politica-de-privacidad\/","name":"Politica de privacitat | Ecovergy","isPartOf":{"@id":"https:\/\/ecovergy.com\/#website"},"datePublished":"2022-12-15T10:01:41+00:00","dateModified":"2023-12-13T08:33:33+00:00","breadcrumb":{"@id":"https:\/\/ecovergy.com\/ca\/politica-de-privacidad\/#breadcrumb"},"inLanguage":"ca","potentialAction":[{"@type":"ReadAction","target":["https:\/\/ecovergy.com\/ca\/politica-de-privacidad\/"]}]},{"@type":"BreadcrumbList","@id":"https:\/\/ecovergy.com\/ca\/politica-de-privacidad\/#breadcrumb","itemListElement":[{"@type":"ListItem","position":1,"name":"Portada","item":"https:\/\/ecovergy.com\/ca\/"},{"@type":"ListItem","position":2,"name":"Politica de privacitat"}]},{"@type":"WebSite","@id":"https:\/\/ecovergy.com\/#website","url":"https:\/\/ecovergy.com\/","name":"Ecovergy","description":"Autoconsumo fotovoltaico para empresas","publisher":{"@id":"https:\/\/ecovergy.com\/#organization"},"potentialAction":[{"@type":"SearchAction","target":{"@type":"EntryPoint","urlTemplate":"https:\/\/ecovergy.com\/?s={search_term_string}"},"query-input":{"@type":"PropertyValueSpecification","valueRequired":true,"valueName":"search_term_string"}}],"inLanguage":"ca"},{"@type":"Organization","@id":"https:\/\/ecovergy.com\/#organization","name":"Ecovergy","url":"https:\/\/ecovergy.com\/","logo":{"@type":"ImageObject","inLanguage":"ca","@id":"https:\/\/ecovergy.com\/#\/schema\/logo\/image\/","url":"https:\/\/ecovergy.com\/wp-content\/uploads\/2022\/11\/logo-ecovergy-50.svg","contentUrl":"https:\/\/ecovergy.com\/wp-content\/uploads\/2022\/11\/logo-ecovergy-50.svg","width":192,"height":25,"caption":"Ecovergy"},"image":{"@id":"https:\/\/ecovergy.com\/#\/schema\/logo\/image\/"},"sameAs":["https:\/\/www.facebook.com\/Ecovergy","https:\/\/www.instagram.com\/ecovergy\/","https:\/\/www.youtube.com\/channel\/UCpyiK24_lhtlkaJWJaZG2FQ","https:\/\/www.linkedin.com\/company\/ecovergy\/"]}]}},"_links":{"self":[{"href":"https:\/\/ecovergy.com\/ca\/wp-json\/wp\/v2\/pages\/5514","targetHints":{"allow":["GET"]}}],"collection":[{"href":"https:\/\/ecovergy.com\/ca\/wp-json\/wp\/v2\/pages"}],"about":[{"href":"https:\/\/ecovergy.com\/ca\/wp-json\/wp\/v2\/types\/page"}],"author":[{"embeddable":true,"href":"https:\/\/ecovergy.com\/ca\/wp-json\/wp\/v2\/users\/1"}],"replies":[{"embeddable":true,"href":"https:\/\/ecovergy.com\/ca\/wp-json\/wp\/v2\/comments?post=5514"}],"version-history":[{"count":4,"href":"https:\/\/ecovergy.com\/ca\/wp-json\/wp\/v2\/pages\/5514\/revisions"}],"predecessor-version":[{"id":5530,"href":"https:\/\/ecovergy.com\/ca\/wp-json\/wp\/v2\/pages\/5514\/revisions\/5530"}],"wp:attachment":[{"href":"https:\/\/ecovergy.com\/ca\/wp-json\/wp\/v2\/media?parent=5514"}],"curies":[{"name":"wp","href":"https:\/\/api.w.org\/{rel}","templated":true}]}}